{"id":55,"date":"2016-10-07T11:31:46","date_gmt":"2016-10-07T09:31:46","guid":{"rendered":"http:\/\/neu.gaby-im-spreewald.de\/?page_id=55"},"modified":"2018-04-28T11:49:34","modified_gmt":"2018-04-28T09:49:34","slug":"beschreibung","status":"publish","type":"page","link":"https:\/\/www.gaby-im-spreewald.de\/?page_id=55","title":{"rendered":"Beschreibung"},"content":{"rendered":"<ul>\n<li>Unser Hof liegt an einem Seitenweg &#8211; abseits von Verkehr und L\u00e4rm, am Ortsrand von M\u00fcschen, einem OT von Burg.<\/li>\n<li>Hier erleben Sie Natur pur &#8211; ein kleiner Bach befindet sich in unmittelbarer N\u00e4he &#8211; sogar die St\u00f6rche trauen sich schon mal an unser Haus heran.<\/li>\n<li>Auf unserem Hof leben zzt. zwei Rinder, ein Hund (Paddy) und eine kleine Katze (Spocky). Das Streicheln unserer Tiere ist erlaubt. Wir sind sehr kinderlieb und dulden auch Haustiere.<\/li>\n<li>In ca. 2 km Entfernung liegt das Zentrum von Burg.<\/li>\n<li>Burg ist seit 2005 ein staatlich anerkannter Ort mit Heilquellenkurbetrieb.<\/li>\n<\/ul>\n<div id=\"wpgmza_map\" class=\"wpgmza_map\" data-settings='{\"id\":\"1\",\"map_title\":\"Gaby\",\"map_width\":\"80\",\"map_height\":\"400\",\"map_start_lat\":\"51.812693\",\"map_start_lng\":\"14.128774\",\"map_start_location\":\"51.81269310105263,14.12877372370724\",\"map_start_zoom\":\"13\",\"default_marker\":\"0\",\"type\":\"1\",\"alignment\":\"1\",\"directions_enabled\":\"1\",\"styling_enabled\":\"0\",\"styling_json\":\"\",\"active\":\"0\",\"kml\":\"\",\"bicycle\":\"1\",\"traffic\":\"1\",\"dbox\":\"1\",\"dbox_width\":\"100\",\"listmarkers\":\"0\",\"listmarkers_advanced\":\"0\",\"filterbycat\":\"0\",\"ugm_enabled\":\"0\",\"ugm_category_enabled\":\"0\",\"fusion\":\"\",\"map_width_type\":\"\\\\%\",\"map_height_type\":\"px\",\"mass_marker_support\":\"1\",\"ugm_access\":\"0\",\"order_markers_by\":\"1\",\"order_markers_choice\":\"2\",\"show_user_location\":\"0\",\"default_to\":\"\",\"other_settings\":{\"store_locator_enabled\":2,\"store_locator_distance\":2,\"store_locator_default_radius\":\"10\",\"store_locator_not_found_message\":\"Keine Ergebnisse in dieser Position gefunden. Bitte versuche es erneut.\",\"store_locator_bounce\":1,\"store_locator_query_string\":\"PLZ \\\/ Adresse:\",\"store_locator_default_address\":\"\",\"wpgmza_store_locator_restrict\":\"\",\"store_locator_style\":\"modern\",\"wpgmza_store_locator_radius_style\":\"modern\",\"map_max_zoom\":\"1\",\"transport_layer\":0,\"wpgmza_theme_data\":\"\",\"wpgmza_show_points_of_interest\":1}}' data-map-id='1' Data-maps-engine='' data-shortcode-attributes='{\"id\":\"1\"}' style=\"display:block; overflow:auto; width:80%; height:400px; float:left;\"><\/div>\n","protected":false},"excerpt":{"rendered":"<p>Unser Hof liegt an einem Seitenweg &#8211; abseits von Verkehr und L\u00e4rm, am Ortsrand von M\u00fcschen, einem OT von Burg. Hier erleben Sie Natur pur &#8211; ein kleiner Bach befindet sich in unmittelbarer N\u00e4he &#8211; sogar die St\u00f6rche trauen sich &hellip; <a href=\"https:\/\/www.gaby-im-spreewald.de\/?page_id=55\">Weiterlesen <span class=\"meta-nav\">&rarr;<\/span><\/a><\/p>\n","protected":false},"author":1,"featured_media":0,"parent":0,"menu_order":0,"comment_status":"closed","ping_status":"closed","template":"onecolumn-page.php","meta":{"footnotes":""},"_links":{"self":[{"href":"https:\/\/www.gaby-im-spreewald.de\/index.php?rest_route=\/wp\/v2\/pages\/55"}],"collection":[{"href":"https:\/\/www.gaby-im-spreewald.de\/index.php?rest_route=\/wp\/v2\/pages"}],"about":[{"href":"https:\/\/www.gaby-im-spreewald.de\/index.php?rest_route=\/wp\/v2\/types\/page"}],"author":[{"embeddable":true,"href":"https:\/\/www.gaby-im-spreewald.de\/index.php?rest_route=\/wp\/v2\/users\/1"}],"replies":[{"embeddable":true,"href":"https:\/\/www.gaby-im-spreewald.de\/index.php?rest_route=%2Fwp%2Fv2%2Fcomments&post=55"}],"version-history":[{"count":6,"href":"https:\/\/www.gaby-im-spreewald.de\/index.php?rest_route=\/wp\/v2\/pages\/55\/revisions"}],"predecessor-version":[{"id":327,"href":"https:\/\/www.gaby-im-spreewald.de\/index.php?rest_route=\/wp\/v2\/pages\/55\/revisions\/327"}],"wp:attachment":[{"href":"https:\/\/www.gaby-im-spreewald.de\/index.php?rest_route=%2Fwp%2Fv2%2Fmedia&parent=55"}],"curies":[{"name":"wp","href":"https:\/\/api.w.org\/{rel}","templated":true}]}}