{"id":177,"date":"2016-10-08T16:08:02","date_gmt":"2016-10-08T14:08:02","guid":{"rendered":"http:\/\/neu.gaby-im-spreewald.de\/?page_id=177"},"modified":"2018-02-23T17:44:11","modified_gmt":"2018-02-23T16:44:11","slug":"impressum","status":"publish","type":"page","link":"http:\/\/www.gaby-im-spreewald.de\/?page_id=177","title":{"rendered":"Impressum"},"content":{"rendered":"<table id=\"AutoNumber1\" style=\"border-collapse: collapse;\" border=\"0\" width=\"600\" cellspacing=\"0\" cellpadding=\"0\">\n<tbody>\n<tr>\n<td><span style=\"font-family: Comic Sans MS;\">Diese Homepage wurde gestaltet von<br \/>\nMaria G\u00f6diker <a href=\"mailto:maria@gaby-im-spreewald.de\"><img loading=\"lazy\" decoding=\"async\" class=\"alignnone wp-image-227 size-full\" src=\"http:\/\/neu.gaby-im-spreewald.de\/wp-content\/uploads\/2016\/10\/mail.gif\" alt=\"mailto:maria@gaby-im-spreewald.de\" width=\"17\" height=\"14\" \/><\/a><br \/>\nHasel\u00fcnne<\/span><\/td>\n<\/tr>\n<tr>\n<td><span style=\"font-family: Comic Sans MS;\">Rechtlicher Hinweis:<br \/>\n<\/span>Bez\u00fcglich fremder Inhalte, zu denen Verkn\u00fcpfungen (Links) bestehen, distanzieren wir uns ausdr\u00fccklich von den Inhalten dieser Internetseiten, entsprechend dem Urteil des Landgerichts Hamburg vom 12. Mai 1998.<br \/>\nF\u00fcr alle Links gilt:<br \/>\nWir haben keinen Einfluss auf Inhalt und Gestaltung der verlinkten Seiten. Die Nutzung von Links, die zu Seiten au\u00dferhalb von dieser Homepage f\u00fchren, erfolgt auf eigene Verantwortung der Nutzer.<\/p>\n<p>Letze Aktualisierung: 23. Februar 2018<b><span style=\"font-size: small;\"><br \/>\n<!--webbot bot=\"Timestamp\" S-Type=\"REGENERATED\" S-Format=\"%d.%m.%Y\" startspan --><!--webbot bot=\"Timestamp\" i-checksum=\"12502\" endspan --> <\/span><\/b><\/td>\n<\/tr>\n<\/tbody>\n<\/table>\n","protected":false},"excerpt":{"rendered":"<p>Diese Homepage wurde gestaltet von Maria G\u00f6diker Hasel\u00fcnne Rechtlicher Hinweis: Bez\u00fcglich fremder Inhalte, zu denen Verkn\u00fcpfungen (Links) bestehen, distanzieren wir uns ausdr\u00fccklich von den Inhalten dieser Internetseiten, entsprechend dem Urteil des Landgerichts Hamburg vom 12. Mai 1998. F\u00fcr alle Links &hellip; <a href=\"http:\/\/www.gaby-im-spreewald.de\/?page_id=177\">Weiterlesen <span class=\"meta-nav\">&rarr;<\/span><\/a><\/p>\n","protected":false},"author":1,"featured_media":0,"parent":0,"menu_order":0,"comment_status":"closed","ping_status":"closed","template":"onecolumn-page.php","meta":{"footnotes":""},"_links":{"self":[{"href":"http:\/\/www.gaby-im-spreewald.de\/index.php?rest_route=\/wp\/v2\/pages\/177"}],"collection":[{"href":"http:\/\/www.gaby-im-spreewald.de\/index.php?rest_route=\/wp\/v2\/pages"}],"about":[{"href":"http:\/\/www.gaby-im-spreewald.de\/index.php?rest_route=\/wp\/v2\/types\/page"}],"author":[{"embeddable":true,"href":"http:\/\/www.gaby-im-spreewald.de\/index.php?rest_route=\/wp\/v2\/users\/1"}],"replies":[{"embeddable":true,"href":"http:\/\/www.gaby-im-spreewald.de\/index.php?rest_route=%2Fwp%2Fv2%2Fcomments&post=177"}],"version-history":[{"count":7,"href":"http:\/\/www.gaby-im-spreewald.de\/index.php?rest_route=\/wp\/v2\/pages\/177\/revisions"}],"predecessor-version":[{"id":324,"href":"http:\/\/www.gaby-im-spreewald.de\/index.php?rest_route=\/wp\/v2\/pages\/177\/revisions\/324"}],"wp:attachment":[{"href":"http:\/\/www.gaby-im-spreewald.de\/index.php?rest_route=%2Fwp%2Fv2%2Fmedia&parent=177"}],"curies":[{"name":"wp","href":"https:\/\/api.w.org\/{rel}","templated":true}]}}